{"id":332,"date":"2021-08-02T09:54:45","date_gmt":"2021-08-02T09:54:45","guid":{"rendered":"https:\/\/gabi-scheidl.de\/?page_id=332"},"modified":"2021-08-02T09:54:45","modified_gmt":"2021-08-02T09:54:45","slug":"auf-die-nase-fertig-los","status":"publish","type":"page","link":"https:\/\/gabi-scheidl.de\/?page_id=332","title":{"rendered":"Auf die Nase-fertig-los"},"content":{"rendered":"\n<p><strong>In wenigen einfachen Schritten entwickeln wir unsere pers\u00f6nliche Clownsfigur \u2013 und schon beginnt die Entdeckungsreise in die Welt des Clowns.<\/strong><\/p>\n\n\n\n<p><strong>Der Clown hat viele Facetten.<br><\/strong><strong>Der Clown ist neugierig und entdeckt die Welt ganz neu.<br><\/strong><strong>Der Clown kann \u00fcber sich selber lachen und auch weinen.<br><\/strong><strong>Der Clown kennt keine Autorit\u00e4t und keine Moral. Nichts ist tabu.<br><\/strong><strong>Der Clown \u00f6ffnet sein Herz und akzeptiert sich und die anderen wie sie sind, mit ihren Fehlern und Schw\u00e4chen.<\/strong><\/p>\n\n\n\n<p><strong>Anhand verschiedener \u201eClownsregeln\u201c erarbeiten wir in experimentellen Szenen die Frage:<br><\/strong><strong>\u201eWas ist komisch, warum ist es komisch und vor allem was ist nicht komisch?\u201c<\/strong><\/p>\n\n\n\n<p><strong>Es geht darum den eigenen inneren Clown zu entdecken, loszulassen und zu spielen.<\/strong><\/p>\n\n\n\n<p><strong>Auf diese Weise werden spielerisch wichtige Kompetenzen wie Selbstbewusstsein, Konfliktf\u00e4higkeit, Teamf\u00e4higkeit u.v.m. gef\u00f6rdert und gest\u00e4rkt.<\/strong><\/p>\n\n\n\n<p><strong>Entdecke die Freiheit des Clowns&nbsp;<\/strong><strong>in dir und hab Spa\u00df!<\/strong><\/p>\n","protected":false},"excerpt":{"rendered":"<p>In wenigen einfachen Schritten entwickeln wir unsere pers\u00f6nliche Clownsfigur \u2013 und schon beginnt die Entdeckungsreise in die Welt des Clowns. Der Clown hat viele Facetten.Der Clown ist neugierig und entdeckt die Welt ganz neu.Der Clown kann \u00fcber sich selber lachen und auch weinen.Der Clown kennt keine Autorit\u00e4t und keine Moral. Nichts ist tabu.Der Clown \u00f6ffnet&hellip; <a class=\"more-link\" href=\"https:\/\/gabi-scheidl.de\/?page_id=332\"><span class=\"screen-reader-text\">Auf die Nase-fertig-los<\/span> weiterlesen<\/a><\/p>\n","protected":false},"author":1,"featured_media":0,"parent":0,"menu_order":0,"comment_status":"closed","ping_status":"closed","template":"","meta":[],"_links":{"self":[{"href":"https:\/\/gabi-scheidl.de\/index.php?rest_route=\/wp\/v2\/pages\/332"}],"collection":[{"href":"https:\/\/gabi-scheidl.de\/index.php?rest_route=\/wp\/v2\/pages"}],"about":[{"href":"https:\/\/gabi-scheidl.de\/index.php?rest_route=\/wp\/v2\/types\/page"}],"author":[{"embeddable":true,"href":"https:\/\/gabi-scheidl.de\/index.php?rest_route=\/wp\/v2\/users\/1"}],"replies":[{"embeddable":true,"href":"https:\/\/gabi-scheidl.de\/index.php?rest_route=%2Fwp%2Fv2%2Fcomments&post=332"}],"version-history":[{"count":1,"href":"https:\/\/gabi-scheidl.de\/index.php?rest_route=\/wp\/v2\/pages\/332\/revisions"}],"predecessor-version":[{"id":333,"href":"https:\/\/gabi-scheidl.de\/index.php?rest_route=\/wp\/v2\/pages\/332\/revisions\/333"}],"wp:attachment":[{"href":"https:\/\/gabi-scheidl.de\/index.php?rest_route=%2Fwp%2Fv2%2Fmedia&parent=332"}],"curies":[{"name":"wp","href":"https:\/\/api.w.org\/{rel}","templated":true}]}}