{"id":339,"date":"2021-08-02T10:03:30","date_gmt":"2021-08-02T10:03:30","guid":{"rendered":"https:\/\/gabi-scheidl.de\/?page_id=339"},"modified":"2021-08-02T10:03:30","modified_gmt":"2021-08-02T10:03:30","slug":"was-will-ich-wirklich-und-wie-sag-ichs-dir","status":"publish","type":"page","link":"https:\/\/gabi-scheidl.de\/?page_id=339","title":{"rendered":"Was will ich wirklich und wie sag ich&#8217;s dir?"},"content":{"rendered":"\n<p><strong>Grenzen wurden durch unbedachte Handlungen, verletzende Bemerkungen oder unangemessene k\u00f6rperliche N\u00e4he \u00fcberschritten?<\/strong><br><strong>Nein zu sagen ist nicht einfach und kann sehr schwer fallen. Man m\u00f6chte niemanden verletzen oder unh\u00f6flich sein.<\/strong><\/p>\n\n\n\n<p><strong>In diesem Workshop finden die Kinder und Jugendlichen zusammen mit einem Teampartner<\/strong><br><strong>(Freundin\/ Freund, Schwester\/Bruder, Mama\/Papa oder wer sonst als Partner*in f\u00fcr den Workshop gew\u00e4hlt wird)<\/strong><br><strong>heraus, was f\u00fcr sie wirklich wichtig ist und f\u00fcr welche Werte sie einstehen wollen und auch sollen.<\/strong><\/p>\n\n\n\n<p><strong>Mit verschiedenen \u00dcbungen wird spielerisch ausprobiert, wie man seine pers\u00f6nliche Grenze erkennen kann und wie man sie freundlich und bestimmt ausdr\u00fcckt.<\/strong><\/p>\n\n\n\n<p><strong>Workshop&nbsp;f\u00fcr Kinder und Jugendliche ab 8 Jahren mit mit Theaterp\u00e4dagogin Gabi Scheidl und Antje Weinreich, systemische Therapeutin &amp; Heilp\u00e4dagogin&nbsp;<\/strong><\/p>\n","protected":false},"excerpt":{"rendered":"<p>Grenzen wurden durch unbedachte Handlungen, verletzende Bemerkungen oder unangemessene k\u00f6rperliche N\u00e4he \u00fcberschritten?Nein zu sagen ist nicht einfach und kann sehr schwer fallen. Man m\u00f6chte niemanden verletzen oder unh\u00f6flich sein. In diesem Workshop finden die Kinder und Jugendlichen zusammen mit einem Teampartner(Freundin\/ Freund, Schwester\/Bruder, Mama\/Papa oder wer sonst als Partner*in f\u00fcr den Workshop gew\u00e4hlt wird)heraus, was&hellip; <a class=\"more-link\" href=\"https:\/\/gabi-scheidl.de\/?page_id=339\"><span class=\"screen-reader-text\">Was will ich wirklich und wie sag ich&#8217;s dir?<\/span> weiterlesen<\/a><\/p>\n","protected":false},"author":1,"featured_media":0,"parent":0,"menu_order":0,"comment_status":"closed","ping_status":"closed","template":"","meta":[],"_links":{"self":[{"href":"https:\/\/gabi-scheidl.de\/index.php?rest_route=\/wp\/v2\/pages\/339"}],"collection":[{"href":"https:\/\/gabi-scheidl.de\/index.php?rest_route=\/wp\/v2\/pages"}],"about":[{"href":"https:\/\/gabi-scheidl.de\/index.php?rest_route=\/wp\/v2\/types\/page"}],"author":[{"embeddable":true,"href":"https:\/\/gabi-scheidl.de\/index.php?rest_route=\/wp\/v2\/users\/1"}],"replies":[{"embeddable":true,"href":"https:\/\/gabi-scheidl.de\/index.php?rest_route=%2Fwp%2Fv2%2Fcomments&post=339"}],"version-history":[{"count":1,"href":"https:\/\/gabi-scheidl.de\/index.php?rest_route=\/wp\/v2\/pages\/339\/revisions"}],"predecessor-version":[{"id":340,"href":"https:\/\/gabi-scheidl.de\/index.php?rest_route=\/wp\/v2\/pages\/339\/revisions\/340"}],"wp:attachment":[{"href":"https:\/\/gabi-scheidl.de\/index.php?rest_route=%2Fwp%2Fv2%2Fmedia&parent=339"}],"curies":[{"name":"wp","href":"https:\/\/api.w.org\/{rel}","templated":true}]}}