{"id":342,"date":"2021-08-02T10:06:00","date_gmt":"2021-08-02T10:06:00","guid":{"rendered":"https:\/\/gabi-scheidl.de\/?page_id=342"},"modified":"2021-08-02T10:06:00","modified_gmt":"2021-08-02T10:06:00","slug":"typisch-junge-typisch-maedchen","status":"publish","type":"page","link":"https:\/\/gabi-scheidl.de\/?page_id=342","title":{"rendered":"Typisch Junge,      typisch M\u00e4dchen"},"content":{"rendered":"\n<p> <\/p>\n\n\n\n<p><strong>Ist doch klar, Jungs spielen gern Fu\u00dfball und werden sp\u00e4ter Feuerwehrmann. M\u00e4dchen tanzen, lieben Puppen und werden sp\u00e4ter mal Modell \u2013 oder nicht?<\/strong><\/p>\n\n\n\n<p><strong>Wir forschen nach woher diese Aussagen kommen und probieren gemeinsam aus ob es wirklich typische Dinge nur f\u00fcr Jungs und nur f\u00fcr M\u00e4dchen gibt.<\/strong><\/p>\n\n\n\n<p><strong>In verschiedenen \u00dcbungen und Spielen kannst du f\u00fcr dich herausfinden was du gerne machst oder mit was du dich gerne besch\u00e4ftigst.<\/strong><\/p>\n\n\n\n<p><strong><br>Mit viel Spa\u00df und Spielfreude wollen wir versuchen Vertrauen in die eigenen Vorlieben zu schaffen.<\/strong><\/p>\n\n\n\n<p><\/p>\n","protected":false},"excerpt":{"rendered":"<p>Ist doch klar, Jungs spielen gern Fu\u00dfball und werden sp\u00e4ter Feuerwehrmann. M\u00e4dchen tanzen, lieben Puppen und werden sp\u00e4ter mal Modell \u2013 oder nicht? Wir forschen nach woher diese Aussagen kommen und probieren gemeinsam aus ob es wirklich typische Dinge nur f\u00fcr Jungs und nur f\u00fcr M\u00e4dchen gibt. In verschiedenen \u00dcbungen und Spielen kannst du f\u00fcr&hellip; <a class=\"more-link\" href=\"https:\/\/gabi-scheidl.de\/?page_id=342\"><span class=\"screen-reader-text\">Typisch Junge,      typisch M\u00e4dchen<\/span> weiterlesen<\/a><\/p>\n","protected":false},"author":1,"featured_media":0,"parent":0,"menu_order":0,"comment_status":"closed","ping_status":"closed","template":"","meta":[],"_links":{"self":[{"href":"https:\/\/gabi-scheidl.de\/index.php?rest_route=\/wp\/v2\/pages\/342"}],"collection":[{"href":"https:\/\/gabi-scheidl.de\/index.php?rest_route=\/wp\/v2\/pages"}],"about":[{"href":"https:\/\/gabi-scheidl.de\/index.php?rest_route=\/wp\/v2\/types\/page"}],"author":[{"embeddable":true,"href":"https:\/\/gabi-scheidl.de\/index.php?rest_route=\/wp\/v2\/users\/1"}],"replies":[{"embeddable":true,"href":"https:\/\/gabi-scheidl.de\/index.php?rest_route=%2Fwp%2Fv2%2Fcomments&post=342"}],"version-history":[{"count":1,"href":"https:\/\/gabi-scheidl.de\/index.php?rest_route=\/wp\/v2\/pages\/342\/revisions"}],"predecessor-version":[{"id":343,"href":"https:\/\/gabi-scheidl.de\/index.php?rest_route=\/wp\/v2\/pages\/342\/revisions\/343"}],"wp:attachment":[{"href":"https:\/\/gabi-scheidl.de\/index.php?rest_route=%2Fwp%2Fv2%2Fmedia&parent=342"}],"curies":[{"name":"wp","href":"https:\/\/api.w.org\/{rel}","templated":true}]}}