{"id":424,"date":"2025-06-24T14:33:26","date_gmt":"2025-06-24T14:33:26","guid":{"rendered":"https:\/\/gabi-scheidl.de\/?page_id=424"},"modified":"2025-06-24T14:33:26","modified_gmt":"2025-06-24T14:33:26","slug":"maskenmagie","status":"publish","type":"page","link":"https:\/\/gabi-scheidl.de\/?page_id=424","title":{"rendered":"Maskenmagie"},"content":{"rendered":"\n<figure class=\"wp-block-image size-large is-resized\"><img loading=\"lazy\" src=\"https:\/\/gabi-scheidl.de\/wp-content\/uploads\/2025\/06\/Logo-MaskenMagie-1024x796.jpg\" alt=\"\" class=\"wp-image-425\" width=\"609\" height=\"473\" srcset=\"https:\/\/gabi-scheidl.de\/wp-content\/uploads\/2025\/06\/Logo-MaskenMagie-1024x796.jpg 1024w, https:\/\/gabi-scheidl.de\/wp-content\/uploads\/2025\/06\/Logo-MaskenMagie-300x233.jpg 300w, https:\/\/gabi-scheidl.de\/wp-content\/uploads\/2025\/06\/Logo-MaskenMagie-768x597.jpg 768w, https:\/\/gabi-scheidl.de\/wp-content\/uploads\/2025\/06\/Logo-MaskenMagie-1536x1195.jpg 1536w, https:\/\/gabi-scheidl.de\/wp-content\/uploads\/2025\/06\/Logo-MaskenMagie-2048x1593.jpg 2048w, https:\/\/gabi-scheidl.de\/wp-content\/uploads\/2025\/06\/Logo-MaskenMagie-1568x1220.jpg 1568w\" sizes=\"(max-width: 609px) 100vw, 609px\" \/><\/figure>\n\n\n\n<figure class=\"wp-block-gallery columns-3 is-cropped\"><ul class=\"blocks-gallery-grid\"><li class=\"blocks-gallery-item\"><figure><img loading=\"lazy\" width=\"1024\" height=\"737\" src=\"https:\/\/gabi-scheidl.de\/wp-content\/uploads\/2025\/06\/Satyr-1024x737.jpg\" alt=\"\" data-id=\"427\" data-link=\"https:\/\/gabi-scheidl.de\/?attachment_id=427\" class=\"wp-image-427\" srcset=\"https:\/\/gabi-scheidl.de\/wp-content\/uploads\/2025\/06\/Satyr-1024x737.jpg 1024w, https:\/\/gabi-scheidl.de\/wp-content\/uploads\/2025\/06\/Satyr-300x216.jpg 300w, https:\/\/gabi-scheidl.de\/wp-content\/uploads\/2025\/06\/Satyr-768x552.jpg 768w, https:\/\/gabi-scheidl.de\/wp-content\/uploads\/2025\/06\/Satyr-1536x1105.jpg 1536w, https:\/\/gabi-scheidl.de\/wp-content\/uploads\/2025\/06\/Satyr-2048x1473.jpg 2048w, https:\/\/gabi-scheidl.de\/wp-content\/uploads\/2025\/06\/Satyr-1568x1128.jpg 1568w\" sizes=\"(max-width: 1024px) 100vw, 1024px\" \/><\/figure><\/li><li class=\"blocks-gallery-item\"><figure><img loading=\"lazy\" width=\"1024\" height=\"725\" src=\"https:\/\/gabi-scheidl.de\/wp-content\/uploads\/2025\/06\/Pantalone-1024x725.jpg\" alt=\"\" data-id=\"428\" data-link=\"https:\/\/gabi-scheidl.de\/?attachment_id=428\" class=\"wp-image-428\" srcset=\"https:\/\/gabi-scheidl.de\/wp-content\/uploads\/2025\/06\/Pantalone-1024x725.jpg 1024w, https:\/\/gabi-scheidl.de\/wp-content\/uploads\/2025\/06\/Pantalone-300x212.jpg 300w, https:\/\/gabi-scheidl.de\/wp-content\/uploads\/2025\/06\/Pantalone-768x544.jpg 768w, https:\/\/gabi-scheidl.de\/wp-content\/uploads\/2025\/06\/Pantalone-1536x1088.jpg 1536w, https:\/\/gabi-scheidl.de\/wp-content\/uploads\/2025\/06\/Pantalone-2048x1450.jpg 2048w, https:\/\/gabi-scheidl.de\/wp-content\/uploads\/2025\/06\/Pantalone-1568x1110.jpg 1568w\" sizes=\"(max-width: 1024px) 100vw, 1024px\" \/><\/figure><\/li><li class=\"blocks-gallery-item\"><figure><img loading=\"lazy\" width=\"1024\" height=\"812\" src=\"https:\/\/gabi-scheidl.de\/wp-content\/uploads\/2025\/06\/Lucky-1-1024x812.jpg\" alt=\"\" data-id=\"433\" data-full-url=\"https:\/\/gabi-scheidl.de\/wp-content\/uploads\/2025\/06\/Lucky-1.jpg\" data-link=\"https:\/\/gabi-scheidl.de\/?attachment_id=433\" class=\"wp-image-433\" srcset=\"https:\/\/gabi-scheidl.de\/wp-content\/uploads\/2025\/06\/Lucky-1-1024x812.jpg 1024w, https:\/\/gabi-scheidl.de\/wp-content\/uploads\/2025\/06\/Lucky-1-300x238.jpg 300w, https:\/\/gabi-scheidl.de\/wp-content\/uploads\/2025\/06\/Lucky-1-768x609.jpg 768w, https:\/\/gabi-scheidl.de\/wp-content\/uploads\/2025\/06\/Lucky-1-1536x1218.jpg 1536w, https:\/\/gabi-scheidl.de\/wp-content\/uploads\/2025\/06\/Lucky-1-2048x1624.jpg 2048w, https:\/\/gabi-scheidl.de\/wp-content\/uploads\/2025\/06\/Lucky-1-1568x1243.jpg 1568w\" sizes=\"(max-width: 1024px) 100vw, 1024px\" \/><\/figure><\/li><li class=\"blocks-gallery-item\"><figure><img loading=\"lazy\" width=\"1024\" height=\"951\" src=\"https:\/\/gabi-scheidl.de\/wp-content\/uploads\/2025\/06\/Troll-1-1024x951.jpg\" alt=\"\" data-id=\"430\" data-link=\"https:\/\/gabi-scheidl.de\/?attachment_id=430\" class=\"wp-image-430\" srcset=\"https:\/\/gabi-scheidl.de\/wp-content\/uploads\/2025\/06\/Troll-1-1024x951.jpg 1024w, https:\/\/gabi-scheidl.de\/wp-content\/uploads\/2025\/06\/Troll-1-300x279.jpg 300w, https:\/\/gabi-scheidl.de\/wp-content\/uploads\/2025\/06\/Troll-1-768x713.jpg 768w, https:\/\/gabi-scheidl.de\/wp-content\/uploads\/2025\/06\/Troll-1-1536x1426.jpg 1536w, https:\/\/gabi-scheidl.de\/wp-content\/uploads\/2025\/06\/Troll-1-2048x1901.jpg 2048w, https:\/\/gabi-scheidl.de\/wp-content\/uploads\/2025\/06\/Troll-1-1568x1456.jpg 1568w\" sizes=\"(max-width: 1024px) 100vw, 1024px\" \/><\/figure><\/li><li class=\"blocks-gallery-item\"><figure><img loading=\"lazy\" width=\"436\" height=\"604\" src=\"https:\/\/gabi-scheidl.de\/wp-content\/uploads\/2025\/06\/Maske-mit-Biene.jpg\" alt=\"\" data-id=\"431\" data-link=\"https:\/\/gabi-scheidl.de\/?attachment_id=431\" class=\"wp-image-431\" srcset=\"https:\/\/gabi-scheidl.de\/wp-content\/uploads\/2025\/06\/Maske-mit-Biene.jpg 436w, https:\/\/gabi-scheidl.de\/wp-content\/uploads\/2025\/06\/Maske-mit-Biene-217x300.jpg 217w\" sizes=\"(max-width: 436px) 100vw, 436px\" \/><\/figure><\/li><li class=\"blocks-gallery-item\"><figure><img loading=\"lazy\" width=\"1024\" height=\"860\" src=\"https:\/\/gabi-scheidl.de\/wp-content\/uploads\/2025\/06\/Maskenbau-vier-Masken-Foto-Gabi-Scheidl-1024x860.jpg\" alt=\"\" data-id=\"432\" data-full-url=\"https:\/\/gabi-scheidl.de\/wp-content\/uploads\/2025\/06\/Maskenbau-vier-Masken-Foto-Gabi-Scheidl.jpg\" data-link=\"https:\/\/gabi-scheidl.de\/?attachment_id=432\" class=\"wp-image-432\" srcset=\"https:\/\/gabi-scheidl.de\/wp-content\/uploads\/2025\/06\/Maskenbau-vier-Masken-Foto-Gabi-Scheidl-1024x860.jpg 1024w, https:\/\/gabi-scheidl.de\/wp-content\/uploads\/2025\/06\/Maskenbau-vier-Masken-Foto-Gabi-Scheidl-300x252.jpg 300w, https:\/\/gabi-scheidl.de\/wp-content\/uploads\/2025\/06\/Maskenbau-vier-Masken-Foto-Gabi-Scheidl-768x645.jpg 768w, https:\/\/gabi-scheidl.de\/wp-content\/uploads\/2025\/06\/Maskenbau-vier-Masken-Foto-Gabi-Scheidl.jpg 1066w\" sizes=\"(max-width: 1024px) 100vw, 1024px\" \/><\/figure><\/li><\/ul><\/figure>\n\n\n\n<p>Preise f\u00fcr Masken auf Anfrage &#8211;<br>ich stelle f\u00fcr Sie auch Sonderanfertigungen her.<br>Alle Masken sind handgemacht &#8211; <br>mit Pappmach\u00e8 auf eine Tonform modelliert und mit<br>selbsthergestellten Erdpigmentfarben bemalt.<\/p>\n","protected":false},"excerpt":{"rendered":"<p>Preise f\u00fcr Masken auf Anfrage &#8211;ich stelle f\u00fcr Sie auch Sonderanfertigungen her.Alle Masken sind handgemacht &#8211; mit Pappmach\u00e8 auf eine Tonform modelliert und mitselbsthergestellten Erdpigmentfarben bemalt.<\/p>\n","protected":false},"author":1,"featured_media":0,"parent":0,"menu_order":0,"comment_status":"closed","ping_status":"closed","template":"","meta":[],"_links":{"self":[{"href":"https:\/\/gabi-scheidl.de\/index.php?rest_route=\/wp\/v2\/pages\/424"}],"collection":[{"href":"https:\/\/gabi-scheidl.de\/index.php?rest_route=\/wp\/v2\/pages"}],"about":[{"href":"https:\/\/gabi-scheidl.de\/index.php?rest_route=\/wp\/v2\/types\/page"}],"author":[{"embeddable":true,"href":"https:\/\/gabi-scheidl.de\/index.php?rest_route=\/wp\/v2\/users\/1"}],"replies":[{"embeddable":true,"href":"https:\/\/gabi-scheidl.de\/index.php?rest_route=%2Fwp%2Fv2%2Fcomments&post=424"}],"version-history":[{"count":1,"href":"https:\/\/gabi-scheidl.de\/index.php?rest_route=\/wp\/v2\/pages\/424\/revisions"}],"predecessor-version":[{"id":434,"href":"https:\/\/gabi-scheidl.de\/index.php?rest_route=\/wp\/v2\/pages\/424\/revisions\/434"}],"wp:attachment":[{"href":"https:\/\/gabi-scheidl.de\/index.php?rest_route=%2Fwp%2Fv2%2Fmedia&parent=424"}],"curies":[{"name":"wp","href":"https:\/\/api.w.org\/{rel}","templated":true}]}}