{"id":61,"date":"2021-01-27T13:22:13","date_gmt":"2021-01-27T13:22:13","guid":{"rendered":"https:\/\/gabi-scheidl.de\/?page_id=61"},"modified":"2021-03-16T15:43:07","modified_gmt":"2021-03-16T15:43:07","slug":"theater","status":"publish","type":"page","link":"https:\/\/gabi-scheidl.de\/?page_id=61","title":{"rendered":"Theater"},"content":{"rendered":"\n<figure class=\"wp-block-image alignfull size-full is-style-default\"><img loading=\"lazy\" width=\"2560\" height=\"279\" src=\"https:\/\/gabi-scheidl.de\/wp-content\/uploads\/2021\/01\/Augen-scaled.jpg\" alt=\"\" class=\"wp-image-99\" srcset=\"https:\/\/gabi-scheidl.de\/wp-content\/uploads\/2021\/01\/Augen-scaled.jpg 2560w, https:\/\/gabi-scheidl.de\/wp-content\/uploads\/2021\/01\/Augen-300x33.jpg 300w, https:\/\/gabi-scheidl.de\/wp-content\/uploads\/2021\/01\/Augen-1024x112.jpg 1024w, https:\/\/gabi-scheidl.de\/wp-content\/uploads\/2021\/01\/Augen-768x84.jpg 768w, https:\/\/gabi-scheidl.de\/wp-content\/uploads\/2021\/01\/Augen-1536x168.jpg 1536w, https:\/\/gabi-scheidl.de\/wp-content\/uploads\/2021\/01\/Augen-2048x223.jpg 2048w, https:\/\/gabi-scheidl.de\/wp-content\/uploads\/2021\/01\/Augen-1568x171.jpg 1568w\" sizes=\"(max-width: 2560px) 100vw, 2560px\" \/><\/figure>\n\n\n\n<div style=\"height:69px\" aria-hidden=\"true\" class=\"wp-block-spacer\"><\/div>\n\n\n\n<div class=\"alignnormal\"><div id=\"metaslider-id-16\" style=\"max-width: 600px; margin: 0 auto;\" class=\"ml-slider-3-20-0 metaslider metaslider-nivo metaslider-16 ml-slider\">\n    <div id=\"metaslider_container_16\">\n        <div class='slider-wrapper theme-default'><div class='ribbon'><\/div><div id='metaslider_16' class='nivoSlider'><img src=\"https:\/\/gabi-scheidl.de\/wp-content\/uploads\/2021\/01\/2017-der-nackte-Wahnsinn-25-600x400.jpg\" height=\"400\" width=\"600\" data-caption=\"Der nackte Wahnsinn\n\" title=\"2017-der-nackte-Wahnsinn-25\" alt=\"\" class=\"slider-16 slide-18\" \/><img src=\"https:\/\/gabi-scheidl.de\/wp-content\/uploads\/2021\/01\/IGP1348-scaled-600x400.jpg\" height=\"400\" width=\"600\" data-caption=\"Emil und die Detektive\" title=\"Emil und die Detektive\" alt=\"\" class=\"slider-16 slide-24\" \/><img src=\"https:\/\/gabi-scheidl.de\/wp-content\/uploads\/2021\/01\/2014-Komoedie-im-Dunkeln-1-scaled-600x400.jpg\" height=\"400\" width=\"600\" data-caption=\"Kom&ouml;die im Dunkeln\" title=\"2014 Kom\u00f6die im Dunkeln (1)\" alt=\"\" class=\"slider-16 slide-25\" \/><img src=\"https:\/\/gabi-scheidl.de\/wp-content\/uploads\/2021\/01\/92017-Katharina-Luther-Schwabentag-7-600x400.jpg\" height=\"400\" width=\"600\" data-caption=\"Katharina Luther\" title=\"92017 Katharina Luther Schwabentag (7)\" alt=\"\" class=\"slider-16 slide-26\" \/><img src=\"https:\/\/gabi-scheidl.de\/wp-content\/uploads\/2021\/01\/DSC01592-scaled-600x400.jpg\" height=\"400\" width=\"600\" data-caption=\"DREIGROSCHENOPER\n\n\" title=\"Dreigroschenoper\" alt=\"\" class=\"slider-16 slide-27\" \/><img src=\"https:\/\/gabi-scheidl.de\/wp-content\/uploads\/2021\/01\/IMG_9259-scaled-600x400.jpg\" height=\"400\" width=\"600\" data-caption=\"Apfelbl&uuml;ten\" title=\"Apfelbl\u00fcten\" alt=\"\" class=\"slider-16 slide-28\" \/><\/div><\/div>\n        \n    <\/div>\n<\/div><\/div>\n\n\n\n<div style=\"height:77px\" aria-hidden=\"true\" class=\"wp-block-spacer\"><\/div>\n\n\n\n<p class=\"has-text-align-center\"><strong>Theater m\u00f6chte<br>Geschichten erz\u00e4hlen,<br>Figuren zum Leben erwecken, neue Welten erschaffen<br><br>Theater m\u00f6chte<br>eine Br\u00fccke zum Publikum schlagen, Konflikte aufdecken,<br>Wissen vermitteln.<br><br>Theater m\u00f6chte die gesellschaftliche Ordnung bilden und spiegeln.<\/strong><\/p>\n\n\n\n<div style=\"height:72px\" aria-hidden=\"true\" class=\"wp-block-spacer\"><\/div>\n\n\n\n<div class=\"wp-block-columns\">\n<div class=\"wp-block-column\">\n<figure class=\"wp-block-image size-large is-style-default\"><img loading=\"lazy\" width=\"165\" height=\"120\" src=\"https:\/\/gabi-scheidl.de\/wp-content\/uploads\/2021\/01\/image.jpg\" alt=\"\" class=\"wp-image-149\"\/><\/figure>\n<\/div>\n\n\n\n<div class=\"wp-block-column\">\n<figure class=\"wp-block-image size-large is-style-default\"><img loading=\"lazy\" width=\"165\" height=\"122\" src=\"https:\/\/gabi-scheidl.de\/wp-content\/uploads\/2021\/01\/image-1.jpg\" alt=\"\" class=\"wp-image-150\"\/><\/figure>\n<\/div>\n\n\n\n<div class=\"wp-block-column\">\n<div class=\"wp-block-image is-style-default\"><figure class=\"aligncenter size-full is-resized\"><img loading=\"lazy\" src=\"https:\/\/gabi-scheidl.de\/wp-content\/uploads\/2021\/01\/image-2.jpg\" alt=\"\" class=\"wp-image-151\" width=\"167\" height=\"122\"\/><\/figure><\/div>\n<\/div>\n<\/div>\n\n\n\n<div class=\"wp-block-columns\">\n<div class=\"wp-block-column\">\n<div class=\"wp-block-buttons\">\n<div class=\"wp-block-button is-style-fill\"><a class=\"wp-block-button__link has-white-color has-black-background-color has-text-color has-background\" href=\"https:\/\/gabi-scheidl.de\/?page_id=67\" style=\"border-radius:30px\">Theater an der Schule<\/a><\/div>\n<\/div>\n<\/div>\n\n\n\n<div class=\"wp-block-column\">\n<div class=\"wp-block-buttons\">\n<div class=\"wp-block-button\"><a class=\"wp-block-button__link has-white-color has-black-background-color has-text-color has-background\" href=\"https:\/\/gabi-scheidl.de\/?page_id=63\" style=\"border-radius:30px\">Theater <br>in der Freizeit<\/a><\/div>\n<\/div>\n<\/div>\n\n\n\n<div class=\"wp-block-column\">\n<div class=\"wp-block-buttons\">\n<div class=\"wp-block-button\"><a class=\"wp-block-button__link has-white-color has-black-background-color has-text-color has-background\" href=\"https:\/\/gabi-scheidl.de\/?page_id=65\" style=\"border-radius:30px\">Theater im Museum<\/a><\/div>\n<\/div>\n<\/div>\n<\/div>\n\n\n\n<div style=\"height:30px\" aria-hidden=\"true\" class=\"wp-block-spacer\"><\/div>\n\n\n\n<p class=\"has-text-align-center\">Gabi Scheidl \u2013 Theaterp\u00e4dagogin BuT\u00ae<\/p>\n","protected":false},"excerpt":{"rendered":"<p>Theater m\u00f6chteGeschichten erz\u00e4hlen,Figuren zum Leben erwecken, neue Welten erschaffen Theater m\u00f6chteeine Br\u00fccke zum Publikum schlagen, Konflikte aufdecken,Wissen vermitteln. Theater m\u00f6chte die gesellschaftliche Ordnung bilden und spiegeln. Gabi Scheidl \u2013 Theaterp\u00e4dagogin BuT\u00ae<\/p>\n","protected":false},"author":1,"featured_media":0,"parent":0,"menu_order":0,"comment_status":"closed","ping_status":"closed","template":"","meta":[],"_links":{"self":[{"href":"https:\/\/gabi-scheidl.de\/index.php?rest_route=\/wp\/v2\/pages\/61"}],"collection":[{"href":"https:\/\/gabi-scheidl.de\/index.php?rest_route=\/wp\/v2\/pages"}],"about":[{"href":"https:\/\/gabi-scheidl.de\/index.php?rest_route=\/wp\/v2\/types\/page"}],"author":[{"embeddable":true,"href":"https:\/\/gabi-scheidl.de\/index.php?rest_route=\/wp\/v2\/users\/1"}],"replies":[{"embeddable":true,"href":"https:\/\/gabi-scheidl.de\/index.php?rest_route=%2Fwp%2Fv2%2Fcomments&post=61"}],"version-history":[{"count":12,"href":"https:\/\/gabi-scheidl.de\/index.php?rest_route=\/wp\/v2\/pages\/61\/revisions"}],"predecessor-version":[{"id":267,"href":"https:\/\/gabi-scheidl.de\/index.php?rest_route=\/wp\/v2\/pages\/61\/revisions\/267"}],"wp:attachment":[{"href":"https:\/\/gabi-scheidl.de\/index.php?rest_route=%2Fwp%2Fv2%2Fmedia&parent=61"}],"curies":[{"name":"wp","href":"https:\/\/api.w.org\/{rel}","templated":true}]}}