{"id":69,"date":"2021-01-27T13:24:16","date_gmt":"2021-01-27T13:24:16","guid":{"rendered":"https:\/\/gabi-scheidl.de\/?page_id=69"},"modified":"2021-08-02T10:06:48","modified_gmt":"2021-08-02T10:06:48","slug":"workshops","status":"publish","type":"page","link":"https:\/\/gabi-scheidl.de\/?page_id=69","title":{"rendered":"Workshops"},"content":{"rendered":"\n<figure class=\"wp-block-image alignfull size-full is-style-default\"><img loading=\"lazy\" width=\"2560\" height=\"279\" src=\"https:\/\/gabi-scheidl.de\/wp-content\/uploads\/2021\/01\/Augen-scaled.jpg\" alt=\"\" class=\"wp-image-99\" srcset=\"https:\/\/gabi-scheidl.de\/wp-content\/uploads\/2021\/01\/Augen-scaled.jpg 2560w, https:\/\/gabi-scheidl.de\/wp-content\/uploads\/2021\/01\/Augen-300x33.jpg 300w, https:\/\/gabi-scheidl.de\/wp-content\/uploads\/2021\/01\/Augen-1024x112.jpg 1024w, https:\/\/gabi-scheidl.de\/wp-content\/uploads\/2021\/01\/Augen-768x84.jpg 768w, https:\/\/gabi-scheidl.de\/wp-content\/uploads\/2021\/01\/Augen-1536x168.jpg 1536w, https:\/\/gabi-scheidl.de\/wp-content\/uploads\/2021\/01\/Augen-2048x223.jpg 2048w, https:\/\/gabi-scheidl.de\/wp-content\/uploads\/2021\/01\/Augen-1568x171.jpg 1568w\" sizes=\"(max-width: 2560px) 100vw, 2560px\" \/><\/figure>\n\n\n\n<div style=\"height:50px\" aria-hidden=\"true\" class=\"wp-block-spacer\"><\/div>\n\n\n\n<figure class=\"wp-block-image size-large is-style-default\"><img loading=\"lazy\" width=\"1024\" height=\"305\" src=\"https:\/\/gabi-scheidl.de\/wp-content\/uploads\/2021\/01\/Maskenbau-1024x305.jpg\" alt=\"\" class=\"wp-image-44\" srcset=\"https:\/\/gabi-scheidl.de\/wp-content\/uploads\/2021\/01\/Maskenbau-1024x305.jpg 1024w, https:\/\/gabi-scheidl.de\/wp-content\/uploads\/2021\/01\/Maskenbau-300x89.jpg 300w, https:\/\/gabi-scheidl.de\/wp-content\/uploads\/2021\/01\/Maskenbau-768x229.jpg 768w, https:\/\/gabi-scheidl.de\/wp-content\/uploads\/2021\/01\/Maskenbau-1536x458.jpg 1536w, https:\/\/gabi-scheidl.de\/wp-content\/uploads\/2021\/01\/Maskenbau-1568x468.jpg 1568w\" sizes=\"(max-width: 1024px) 100vw, 1024px\" \/><\/figure>\n\n\n\n<ul><li><a rel=\"noreferrer noopener\" href=\"https:\/\/gabi-scheidl.de\/?page_id=332\" target=\"_blank\">Auf die Nase Fertig Los &#8211; finde den Clown in dir<\/a><\/li><li><a rel=\"noreferrer noopener\" href=\"https:\/\/gabi-scheidl.de\/?page_id=336\" target=\"_blank\">Maskenbau und -Spiel<\/a><\/li><li>Wer bin ich &#8211; Pr\u00e4senz und Authentizit\u00e4t<\/li><li>Atem und Stimme<\/li><li><a href=\"https:\/\/gabi-scheidl.de\/?page_id=342\" target=\"_blank\" rel=\"noreferrer noopener\">Typisch Junge, typisch M\u00e4dchen &#8211; \u00fcber die Unterschiede<\/a><\/li><li><a rel=\"noreferrer noopener\" href=\"https:\/\/gabi-scheidl.de\/?page_id=339\" target=\"_blank\">Was will ich wirklich &#8211; und wie sag ich&#8217;s dir?<\/a><\/li><li>Spiel im Netz &#8211; Theaterp\u00e4dagogik online<\/li><\/ul>\n\n\n\n<div style=\"height:50px\" aria-hidden=\"true\" class=\"wp-block-spacer\"><\/div>\n\n\n\n<p>Aktuelle Workshoptermine und Veranstaltungen finden Sie auf meiner Startseite.<\/p>\n\n\n\n<div style=\"height:40px\" aria-hidden=\"true\" class=\"wp-block-spacer\"><\/div>\n\n\n\n<div class=\"wp-block-columns\">\n<div class=\"wp-block-column\" style=\"flex-basis:100%\">\n<div class=\"wp-block-columns\">\n<div class=\"wp-block-column\">\n<figure class=\"wp-block-image size-large is-style-default\"><img loading=\"lazy\" width=\"768\" height=\"1024\" src=\"https:\/\/gabi-scheidl.de\/wp-content\/uploads\/2021\/01\/IMG_20180624_152734-768x1024.jpg\" alt=\"\" class=\"wp-image-46\" srcset=\"https:\/\/gabi-scheidl.de\/wp-content\/uploads\/2021\/01\/IMG_20180624_152734-768x1024.jpg 768w, https:\/\/gabi-scheidl.de\/wp-content\/uploads\/2021\/01\/IMG_20180624_152734-225x300.jpg 225w, https:\/\/gabi-scheidl.de\/wp-content\/uploads\/2021\/01\/IMG_20180624_152734-1152x1536.jpg 1152w, https:\/\/gabi-scheidl.de\/wp-content\/uploads\/2021\/01\/IMG_20180624_152734-1536x2048.jpg 1536w, https:\/\/gabi-scheidl.de\/wp-content\/uploads\/2021\/01\/IMG_20180624_152734-1568x2091.jpg 1568w, https:\/\/gabi-scheidl.de\/wp-content\/uploads\/2021\/01\/IMG_20180624_152734-scaled.jpg 1920w\" sizes=\"(max-width: 768px) 100vw, 768px\" \/><figcaption>Maskenbau<\/figcaption><\/figure>\n<\/div>\n\n\n\n<div class=\"wp-block-column\">\n<figure class=\"wp-block-image size-large is-resized is-style-default\"><img loading=\"lazy\" src=\"https:\/\/gabi-scheidl.de\/wp-content\/uploads\/2021\/01\/Clown-e1611933770984-758x1024.jpg\" alt=\"\" class=\"wp-image-45\" width=\"285\" height=\"385\" srcset=\"https:\/\/gabi-scheidl.de\/wp-content\/uploads\/2021\/01\/Clown-e1611933770984-758x1024.jpg 758w, https:\/\/gabi-scheidl.de\/wp-content\/uploads\/2021\/01\/Clown-e1611933770984-222x300.jpg 222w, https:\/\/gabi-scheidl.de\/wp-content\/uploads\/2021\/01\/Clown-e1611933770984-768x1038.jpg 768w, https:\/\/gabi-scheidl.de\/wp-content\/uploads\/2021\/01\/Clown-e1611933770984.jpg 839w\" sizes=\"(max-width: 285px) 100vw, 285px\" \/><figcaption>Der Clown in mir<\/figcaption><\/figure>\n<\/div>\n<\/div>\n<\/div>\n<\/div>\n\n\n\n<div style=\"height:30px\" aria-hidden=\"true\" class=\"wp-block-spacer\"><\/div>\n\n\n\n<p class=\"has-text-align-center\">Gabi Scheidl \u2013 Theaterp\u00e4dagogin BuT\u00ae<\/p>\n","protected":false},"excerpt":{"rendered":"<p>Auf die Nase Fertig Los &#8211; finde den Clown in dir Maskenbau und -Spiel Wer bin ich &#8211; Pr\u00e4senz und Authentizit\u00e4t Atem und Stimme Typisch Junge, typisch M\u00e4dchen &#8211; \u00fcber die Unterschiede Was will ich wirklich &#8211; und wie sag ich&#8217;s dir? Spiel im Netz &#8211; Theaterp\u00e4dagogik online Aktuelle Workshoptermine und Veranstaltungen finden Sie auf&hellip; <a class=\"more-link\" href=\"https:\/\/gabi-scheidl.de\/?page_id=69\"><span class=\"screen-reader-text\">Workshops<\/span> weiterlesen<\/a><\/p>\n","protected":false},"author":1,"featured_media":0,"parent":0,"menu_order":0,"comment_status":"closed","ping_status":"closed","template":"","meta":[],"_links":{"self":[{"href":"https:\/\/gabi-scheidl.de\/index.php?rest_route=\/wp\/v2\/pages\/69"}],"collection":[{"href":"https:\/\/gabi-scheidl.de\/index.php?rest_route=\/wp\/v2\/pages"}],"about":[{"href":"https:\/\/gabi-scheidl.de\/index.php?rest_route=\/wp\/v2\/types\/page"}],"author":[{"embeddable":true,"href":"https:\/\/gabi-scheidl.de\/index.php?rest_route=\/wp\/v2\/users\/1"}],"replies":[{"embeddable":true,"href":"https:\/\/gabi-scheidl.de\/index.php?rest_route=%2Fwp%2Fv2%2Fcomments&post=69"}],"version-history":[{"count":20,"href":"https:\/\/gabi-scheidl.de\/index.php?rest_route=\/wp\/v2\/pages\/69\/revisions"}],"predecessor-version":[{"id":344,"href":"https:\/\/gabi-scheidl.de\/index.php?rest_route=\/wp\/v2\/pages\/69\/revisions\/344"}],"wp:attachment":[{"href":"https:\/\/gabi-scheidl.de\/index.php?rest_route=%2Fwp%2Fv2%2Fmedia&parent=69"}],"curies":[{"name":"wp","href":"https:\/\/api.w.org\/{rel}","templated":true}]}}