{"id":71,"date":"2021-01-27T13:24:41","date_gmt":"2021-01-27T13:24:41","guid":{"rendered":"https:\/\/gabi-scheidl.de\/?page_id=71"},"modified":"2025-06-24T14:30:29","modified_gmt":"2025-06-24T14:30:29","slug":"ueber-mich","status":"publish","type":"page","link":"https:\/\/gabi-scheidl.de\/?page_id=71","title":{"rendered":"\u00fcber mich"},"content":{"rendered":"\n<figure class=\"wp-block-image alignfull size-full is-style-default\"><img loading=\"lazy\" width=\"2560\" height=\"279\" src=\"https:\/\/gabi-scheidl.de\/wp-content\/uploads\/2021\/01\/Augen-scaled.jpg\" alt=\"\" class=\"wp-image-99\" srcset=\"https:\/\/gabi-scheidl.de\/wp-content\/uploads\/2021\/01\/Augen-scaled.jpg 2560w, https:\/\/gabi-scheidl.de\/wp-content\/uploads\/2021\/01\/Augen-300x33.jpg 300w, https:\/\/gabi-scheidl.de\/wp-content\/uploads\/2021\/01\/Augen-1024x112.jpg 1024w, https:\/\/gabi-scheidl.de\/wp-content\/uploads\/2021\/01\/Augen-768x84.jpg 768w, https:\/\/gabi-scheidl.de\/wp-content\/uploads\/2021\/01\/Augen-1536x168.jpg 1536w, https:\/\/gabi-scheidl.de\/wp-content\/uploads\/2021\/01\/Augen-2048x223.jpg 2048w, https:\/\/gabi-scheidl.de\/wp-content\/uploads\/2021\/01\/Augen-1568x171.jpg 1568w\" sizes=\"(max-width: 2560px) 100vw, 2560px\" \/><\/figure>\n\n\n\n<figure class=\"wp-block-image size-large is-style-default\"><img loading=\"lazy\" width=\"1024\" height=\"415\" src=\"https:\/\/gabi-scheidl.de\/wp-content\/uploads\/2021\/01\/2014-Komoedie-im-Dunkeln--1024x415.jpg\" alt=\"\" class=\"wp-image-42\" srcset=\"https:\/\/gabi-scheidl.de\/wp-content\/uploads\/2021\/01\/2014-Komoedie-im-Dunkeln--1024x415.jpg 1024w, https:\/\/gabi-scheidl.de\/wp-content\/uploads\/2021\/01\/2014-Komoedie-im-Dunkeln--300x122.jpg 300w, https:\/\/gabi-scheidl.de\/wp-content\/uploads\/2021\/01\/2014-Komoedie-im-Dunkeln--768x311.jpg 768w, https:\/\/gabi-scheidl.de\/wp-content\/uploads\/2021\/01\/2014-Komoedie-im-Dunkeln--1536x622.jpg 1536w, https:\/\/gabi-scheidl.de\/wp-content\/uploads\/2021\/01\/2014-Komoedie-im-Dunkeln--1568x635.jpg 1568w, https:\/\/gabi-scheidl.de\/wp-content\/uploads\/2021\/01\/2014-Komoedie-im-Dunkeln-.jpg 1997w\" sizes=\"(max-width: 1024px) 100vw, 1024px\" \/><\/figure>\n\n\n\n<div style=\"height:50px\" aria-hidden=\"true\" class=\"wp-block-spacer\"><\/div>\n\n\n\n<p>Ausbildung:<\/p>\n\n\n\n<ul><li>zur Theaterp\u00e4dagogin und Theaterlehrerin am Seminar f\u00fcr Didaktik und Lehrerbildung Meckenbeuren<\/li><li>zur Theaterp\u00e4dagogin BuT\u00ae bei der LAG Reutlingen<\/li><li>zur Schauspielerin im Amateurtheater beim BDAT \/ Bund Deutscher Amateurtheater<\/li><li>j\u00e4hrliche Fort- und Weiterbildungen<\/li><\/ul>\n\n\n\n<p>Fortbildungen:<\/p>\n\n\n\n<ul><li>Schauspieltraining bei Prof. Jurij Vasiljev \/ St. Petersburg<\/li><li>Schauspieltraining bei Marcel Schmeits \/ Niederlande<\/li><li>B\u00fchnenkampf bei Anette Bauer \/ Lehrbeauftragte f\u00fcr B\u00fchnenfechten<\/li><li>Atem-, Stimm- und Sprechtraining bei Martin Pfisterer \/ Stimmtrainer<\/li><li>Clownstheater bei Achim Weimer<\/li><li>Pysical Lab bei Yorgos Karamalegos \/ London<\/li><li>Regiassistenz bei Thomas Kiemle \/ Hannover<\/li><li>Einf\u00fchrung in die&nbsp;Museumsp\u00e4dagogik \/ Landesstelle f\u00fcr die nichtstaatlichen Museen in Bayern<\/li><li>uvm.<\/li><\/ul>\n\n\n\n<p>Theaterarbeit:<\/p>\n\n\n\n<ul><li>Telefonf\u00fchrung &#8211; bei Anruf Kultur<\/li><li>Spielleitung bei der Jugendtheatergruppe B\u00fchnentaucher e.V.<\/li><li>Spielleitung bei der Theatergruppe Lampenfieber<\/li><li>Referentin bei der Hector Kinderakademie<\/li><li>Leitung und Beratung von Theater AG\u00b4s an Schulen<\/li><li>Projekt &#8222;Von Standbye auf Aktiv&#8220;, &#8222;Echt Fake &#8211; ich schw\u00f6r&#8220; oder &#8222;Smart Detektivs&#8220; bei der LKJ Baden W\u00fcrttemberg<\/li><li>Unterst\u00fctzung diverser Projekte an Schulen<\/li><li>Workshops f\u00fcr Schauspieler<\/li><li>Erlebnisstadtf\u00fchrung &#8222;Ritter, F\u00fcrstabt, Hexe&#8220; und &#8222;Jubil\u00e4umsf\u00fchrung 200 Jahre vereintes Kempten&#8220;<\/li><li>Erlebnisf\u00fchrung &#8222;Eine Reise durch die Kindheit im Mittelalter&#8220;<\/li><li>&#8222;All Hallows Eve&#8220; &#8211; eine Spezial Halloweenf\u00fchrung<\/li><li>Entwicklung und Durchf\u00fchrung diverser Museumsprojekte und Schauspielf\u00fchrungen im Museum <br>(Cambodum obscurum\/Geschichten aus<br>Cambodunum\/Regina Rosina Neubronner)<\/li><li>uvm.<\/li><\/ul>\n\n\n\n<div style=\"height:29px\" aria-hidden=\"true\" class=\"wp-block-spacer\"><\/div>\n\n\n\n<p class=\"has-text-align-center\">Gabi Scheidl \u2013 Theaterp\u00e4dagogin BuT\u00ae<\/p>\n","protected":false},"excerpt":{"rendered":"<p>Ausbildung: zur Theaterp\u00e4dagogin und Theaterlehrerin am Seminar f\u00fcr Didaktik und Lehrerbildung Meckenbeuren zur Theaterp\u00e4dagogin BuT\u00ae bei der LAG Reutlingen zur Schauspielerin im Amateurtheater beim BDAT \/ Bund Deutscher Amateurtheater j\u00e4hrliche Fort- und Weiterbildungen Fortbildungen: Schauspieltraining bei Prof. Jurij Vasiljev \/ St. Petersburg Schauspieltraining bei Marcel Schmeits \/ Niederlande B\u00fchnenkampf bei Anette Bauer \/ Lehrbeauftragte f\u00fcr&hellip; <a class=\"more-link\" href=\"https:\/\/gabi-scheidl.de\/?page_id=71\"><span class=\"screen-reader-text\">\u00fcber mich<\/span> weiterlesen<\/a><\/p>\n","protected":false},"author":1,"featured_media":0,"parent":0,"menu_order":0,"comment_status":"closed","ping_status":"closed","template":"","meta":[],"_links":{"self":[{"href":"https:\/\/gabi-scheidl.de\/index.php?rest_route=\/wp\/v2\/pages\/71"}],"collection":[{"href":"https:\/\/gabi-scheidl.de\/index.php?rest_route=\/wp\/v2\/pages"}],"about":[{"href":"https:\/\/gabi-scheidl.de\/index.php?rest_route=\/wp\/v2\/types\/page"}],"author":[{"embeddable":true,"href":"https:\/\/gabi-scheidl.de\/index.php?rest_route=\/wp\/v2\/users\/1"}],"replies":[{"embeddable":true,"href":"https:\/\/gabi-scheidl.de\/index.php?rest_route=%2Fwp%2Fv2%2Fcomments&post=71"}],"version-history":[{"count":11,"href":"https:\/\/gabi-scheidl.de\/index.php?rest_route=\/wp\/v2\/pages\/71\/revisions"}],"predecessor-version":[{"id":436,"href":"https:\/\/gabi-scheidl.de\/index.php?rest_route=\/wp\/v2\/pages\/71\/revisions\/436"}],"wp:attachment":[{"href":"https:\/\/gabi-scheidl.de\/index.php?rest_route=%2Fwp%2Fv2%2Fmedia&parent=71"}],"curies":[{"name":"wp","href":"https:\/\/api.w.org\/{rel}","templated":true}]}}