{"id":77,"date":"2021-01-27T13:25:47","date_gmt":"2021-01-27T13:25:47","guid":{"rendered":"https:\/\/gabi-scheidl.de\/?page_id=77"},"modified":"2021-01-29T15:44:50","modified_gmt":"2021-01-29T15:44:50","slug":"datenschutz","status":"publish","type":"page","link":"https:\/\/gabi-scheidl.de\/?page_id=77","title":{"rendered":"Datenschutz"},"content":{"rendered":"\n<p>Ich entwickele die Inhalte dieser Webseite st\u00e4ndig  weiter und bem\u00fche mich korrekte und aktuelle  Informationen bereitzustellen. Laut  Telemediengesetz\u00a0<a rel=\"noreferrer noopener\" href=\"https:\/\/www.gesetze-im-internet.de\/tmg\/__7.html?tid=321254637\" target=\"_blank\">(TMG) \u00a77 (1)<\/a>\u00a0bin ich als  Diensteanbieter f\u00fcr eigene Informationen, die ich  zur Nutzung bereitstellen, nach den allgemeinen  Gesetzen verantwortlich. Leider kann ich keine  Haftung f\u00fcr die Korrektheit aller Inhalte auf  dieser Webseite \u00fcbernehmen, speziell f\u00fcr jene die  seitens Dritter bereitgestellt wurden. Als  Diensteanbieter im Sinne der \u00a7\u00a7 8 bis 10 bin ich nicht verpflichtet, die von ihnen \u00fcbermittelten oder  gespeicherten Informationen zu \u00fcberwachen oder nach  Umst\u00e4nden zu forschen, die auf eine rechtswidrige  T\u00e4tigkeit hinweisen. Meine Verpflichtungen zur Entfernung von  Informationen oder zur Sperrung der Nutzung von  Informationen nach den allgemeinen Gesetzen  aufgrund von gerichtlichen oder beh\u00f6rdlichen  Anordnungen bleiben auch im Falle meiner Nichtverantwortlichkeit nach den \u00a7\u00a7 8 bis 10  unber\u00fchrt. Sollten Ihnen problematische oder rechtswidrige  Inhalte auffallen, bitte ich Sie mich umgehend zu  kontaktieren, damit ich die rechtswidrigen Inhalte  entfernen kann. Sie finden die Kontaktdaten im  Impressum. <br>Alle Inhalte dieser Webseite (Bilder, Fotos, Texte,  Videos) unterliegen dem Urheberrecht der  Bundesrepublik Deutschland. Bitte fragen Sie mich  bevor Sie die Inhalte dieser Website verbreiten,  vervielf\u00e4ltigen oder verwerten wie zum Beispiel  auf anderen Websites erneut ver\u00f6ffentlichen.  Falls notwendig, werden ich die unerlaubte  Nutzung von Teilen der Inhalte dieser Seite  rechtlich verfolgen. Sollten Sie auf dieser Webseite Inhalte finden,  die das Urheberrecht verletzen, bitten ich Sie mich zu kontaktieren. <br>Ich nehmen den Schutz personenbezogener Daten  meiner Kunden und Partner sehr ernst; ich habe  durch technische und organisatorische Ma\u00dfnahmen  sichergestellt, dass die gesetzlichen Vorschriften \u00fcber den Datenschutz sowohl von mir als auch von  externen Dienstleistern beachtet und eingehalten  werden.  Die Erhebung, Verarbeitung, Nutzung und Weitergabe  von Daten erfolgt zum einen mit Einverst\u00e4ndnis des  Dateninhabers, andererseits ausschlie\u00dflich zum Zweck  der mit dem Dateninhaber besprochen wurde.  Die Weitergabe an Dritte erfolgt nur aus zwingenden  Gr\u00fcnden und im Interesse des Dateninhabers.  Die betroffene Person hat jederzeit die M\u00f6glichkeit,  sich \u00fcber die Verwendung und den Verbleib seiner  gesch\u00fctzten Daten zu informieren; er\/sie hat Anspruch  auf Dokumentation der Einhaltung datenschutzrechtlicher Bestimmungen in Bezug auf ihn. Sie hat das Recht,  jederzeit eine erteilte Einwilligung zu widerrufen  und die L\u00f6schung der Daten zu verlangen. Partner  und Dritte werden durch die Einhaltung der  Datenschutzbestimmungen in gleicher Weise gesch\u00fctzt.  Es findet kein Verkauf oder keine unentgeltliche  Weitergabe von Daten statt, es sei denn, es l\u00e4ge eine  entsprechende Einwilligung vor. Bei der Einschaltung  externer Dienstleister, denen personenbezogene Daten  zur Verf\u00fcgung gestellt werden m\u00fcssen, ist durch Abschluss  eines entsprechenden Vertrages sichergestellt, dass die Datenschutzbestimmungen in gleicher Weise auch vom beauftragten Unternehmen eingehalten werden.  Im Fall des Widerrufs oder der Anzeige von falsch  erhobenen Daten werden diese sofort gel\u00f6scht,  Art. 21, 18 DS-GVO. Auf das Beschwerderecht bei  einer Datenschutzaufsichtsbeh\u00f6rde  (Art. 77 DS-GVO i. V. m. \u00a7 19 BDSG) wird ausdr\u00fccklich  hingewiesen.  F\u00fcr mich zust\u00e4ndig ist das Bayerisches Landesamt f\u00fcr  Datenschutzaufsicht (BayLDA),  Promenade 27, 91522 Ansbach.  <br>F\u00fcr Datenschutz und Datenverarbeitung  Verantwortliche: <br>Gabi Scheidl; <br>Mail: info@gabi-scheidl.de<\/p>\n\n\n\n<div style=\"height:51px\" aria-hidden=\"true\" class=\"wp-block-spacer\"><\/div>\n\n\n\n<p class=\"has-text-align-center\">Gabi Scheidl \u2013 Theaterp\u00e4dagogin BuT\u00ae<\/p>\n","protected":false},"excerpt":{"rendered":"<p>Ich entwickele die Inhalte dieser Webseite st\u00e4ndig weiter und bem\u00fche mich korrekte und aktuelle Informationen bereitzustellen. Laut Telemediengesetz\u00a0(TMG) \u00a77 (1)\u00a0bin ich als Diensteanbieter f\u00fcr eigene Informationen, die ich zur Nutzung bereitstellen, nach den allgemeinen Gesetzen verantwortlich. Leider kann ich keine Haftung f\u00fcr die Korrektheit aller Inhalte auf dieser Webseite \u00fcbernehmen, speziell f\u00fcr jene die seitens&hellip; <a class=\"more-link\" href=\"https:\/\/gabi-scheidl.de\/?page_id=77\"><span class=\"screen-reader-text\">Datenschutz<\/span> weiterlesen<\/a><\/p>\n","protected":false},"author":1,"featured_media":0,"parent":0,"menu_order":0,"comment_status":"closed","ping_status":"closed","template":"","meta":[],"_links":{"self":[{"href":"https:\/\/gabi-scheidl.de\/index.php?rest_route=\/wp\/v2\/pages\/77"}],"collection":[{"href":"https:\/\/gabi-scheidl.de\/index.php?rest_route=\/wp\/v2\/pages"}],"about":[{"href":"https:\/\/gabi-scheidl.de\/index.php?rest_route=\/wp\/v2\/types\/page"}],"author":[{"embeddable":true,"href":"https:\/\/gabi-scheidl.de\/index.php?rest_route=\/wp\/v2\/users\/1"}],"replies":[{"embeddable":true,"href":"https:\/\/gabi-scheidl.de\/index.php?rest_route=%2Fwp%2Fv2%2Fcomments&post=77"}],"version-history":[{"count":5,"href":"https:\/\/gabi-scheidl.de\/index.php?rest_route=\/wp\/v2\/pages\/77\/revisions"}],"predecessor-version":[{"id":209,"href":"https:\/\/gabi-scheidl.de\/index.php?rest_route=\/wp\/v2\/pages\/77\/revisions\/209"}],"wp:attachment":[{"href":"https:\/\/gabi-scheidl.de\/index.php?rest_route=%2Fwp%2Fv2%2Fmedia&parent=77"}],"curies":[{"name":"wp","href":"https:\/\/api.w.org\/{rel}","templated":true}]}}